{"id":8286,"date":"2021-02-21T20:05:55","date_gmt":"2021-02-21T18:05:55","guid":{"rendered":"https:\/\/www.media4change.co\/oblasti-aktivit\/sutaze-investigativnej-zurnalistiky\/sutaz-najlepsej-lokalnej-investigativy-2021\/"},"modified":"2021-03-30T18:39:59","modified_gmt":"2021-03-30T15:39:59","slug":"sutaz-najlepsej-lokalnej-investigativy-2021","status":"publish","type":"page","link":"https:\/\/www.media4change.co\/sk\/oblasti-aktivit\/sutaze-investigativnej-zurnalistiky\/sutaz-najlepsej-lokalnej-investigativy-2021\/","title":{"rendered":"S\u00fa\u0165a\u017e najlep\u0161ej lok\u00e1lnej investigat\u00edvy 2021"},"content":{"rendered":"","protected":false},"excerpt":{"rendered":"","protected":false},"author":4,"featured_media":8298,"parent":8279,"menu_order":0,"comment_status":"closed","ping_status":"closed","template":"investigative-journalism-competition-yearly.php","meta":{"_acf_changed":false,"inline_featured_image":false,"footnotes":""},"class_list":["post-8286","page","type-page","status-publish","has-post-thumbnail","hentry"],"acf":[],"yoast_head":"<!-- This site is optimized with the Yoast SEO plugin v26.9 - https:\/\/yoast.com\/product\/yoast-seo-wordpress\/ -->\n<title>S\u00fa\u0165a\u017e najlep\u0161ej lok\u00e1lnej investigat\u00edvy 2021 - Media4Change<\/title>\n<meta name=\"robots\" content=\"index, follow, max-snippet:-1, max-image-preview:large, max-video-preview:-1\" \/>\n<link rel=\"canonical\" href=\"https:\/\/www.media4change.co\/sk\/oblasti-aktivit\/sutaze-investigativnej-zurnalistiky\/sutaz-najlepsej-lokalnej-investigativy-2021\/\" \/>\n<meta property=\"og:locale\" content=\"sk_SK\" \/>\n<meta property=\"og:type\" content=\"article\" \/>\n<meta property=\"og:title\" content=\"S\u00fa\u0165a\u017e najlep\u0161ej lok\u00e1lnej investigat\u00edvy 2021 - Media4Change\" \/>\n<meta property=\"og:url\" content=\"https:\/\/www.media4change.co\/sk\/oblasti-aktivit\/sutaze-investigativnej-zurnalistiky\/sutaz-najlepsej-lokalnej-investigativy-2021\/\" \/>\n<meta property=\"og:site_name\" content=\"Media4Change\" \/>\n<meta property=\"article:publisher\" content=\"https:\/\/www.facebook.com\/media4change.co\/\" \/>\n<meta property=\"article:modified_time\" content=\"2021-03-30T15:39:59+00:00\" \/>\n<meta property=\"og:image\" content=\"https:\/\/mlunklm8xjeu.i.optimole.com\/w:1200\/h:630\/q:mauto\/f:best\/https:\/\/www.media4change.co\/wp-content\/uploads\/2021\/02\/Banner-with-picture-1-1.png\" \/>\n\t<meta property=\"og:image:width\" content=\"1200\" \/>\n\t<meta property=\"og:image:height\" content=\"630\" \/>\n\t<meta property=\"og:image:type\" content=\"image\/png\" \/>\n<meta name=\"twitter:card\" content=\"summary_large_image\" \/>\n<meta name=\"twitter:site\" content=\"@Media4ChangeCo\" \/>\n<script type=\"application\/ld+json\" class=\"yoast-schema-graph\">{\"@context\":\"https:\/\/schema.org\",\"@graph\":[{\"@type\":\"WebPage\",\"@id\":\"https:\/\/www.media4change.co\/sk\/oblasti-aktivit\/sutaze-investigativnej-zurnalistiky\/sutaz-najlepsej-lokalnej-investigativy-2021\/\",\"url\":\"https:\/\/www.media4change.co\/sk\/oblasti-aktivit\/sutaze-investigativnej-zurnalistiky\/sutaz-najlepsej-lokalnej-investigativy-2021\/\",\"name\":\"S\u00fa\u0165a\u017e najlep\u0161ej lok\u00e1lnej investigat\u00edvy 2021 - Media4Change\",\"isPartOf\":{\"@id\":\"https:\/\/www.media4change.co\/sk\/#website\"},\"primaryImageOfPage\":{\"@id\":\"https:\/\/www.media4change.co\/sk\/oblasti-aktivit\/sutaze-investigativnej-zurnalistiky\/sutaz-najlepsej-lokalnej-investigativy-2021\/#primaryimage\"},\"image\":{\"@id\":\"https:\/\/www.media4change.co\/sk\/oblasti-aktivit\/sutaze-investigativnej-zurnalistiky\/sutaz-najlepsej-lokalnej-investigativy-2021\/#primaryimage\"},\"thumbnailUrl\":\"https:\/\/mlunklm8xjeu.i.optimole.com\/w:auto\/h:auto\/q:mauto\/f:best\/https:\/\/www.media4change.co\/wp-content\/uploads\/2021\/02\/Banner-with-picture-1-1.png\",\"datePublished\":\"2021-02-21T18:05:55+00:00\",\"dateModified\":\"2021-03-30T15:39:59+00:00\",\"breadcrumb\":{\"@id\":\"https:\/\/www.media4change.co\/sk\/oblasti-aktivit\/sutaze-investigativnej-zurnalistiky\/sutaz-najlepsej-lokalnej-investigativy-2021\/#breadcrumb\"},\"inLanguage\":\"sk-SK\",\"potentialAction\":[{\"@type\":\"ReadAction\",\"target\":[\"https:\/\/www.media4change.co\/sk\/oblasti-aktivit\/sutaze-investigativnej-zurnalistiky\/sutaz-najlepsej-lokalnej-investigativy-2021\/\"]}]},{\"@type\":\"ImageObject\",\"inLanguage\":\"sk-SK\",\"@id\":\"https:\/\/www.media4change.co\/sk\/oblasti-aktivit\/sutaze-investigativnej-zurnalistiky\/sutaz-najlepsej-lokalnej-investigativy-2021\/#primaryimage\",\"url\":\"https:\/\/mlunklm8xjeu.i.optimole.com\/w:auto\/h:auto\/q:mauto\/f:best\/https:\/\/www.media4change.co\/wp-content\/uploads\/2021\/02\/Banner-with-picture-1-1.png\",\"contentUrl\":\"https:\/\/mlunklm8xjeu.i.optimole.com\/w:auto\/h:auto\/q:mauto\/f:best\/https:\/\/www.media4change.co\/wp-content\/uploads\/2021\/02\/Banner-with-picture-1-1.png\",\"width\":1200,\"height\":630},{\"@type\":\"BreadcrumbList\",\"@id\":\"https:\/\/www.media4change.co\/sk\/oblasti-aktivit\/sutaze-investigativnej-zurnalistiky\/sutaz-najlepsej-lokalnej-investigativy-2021\/#breadcrumb\",\"itemListElement\":[{\"@type\":\"ListItem\",\"position\":1,\"name\":\"Home\",\"item\":\"https:\/\/www.media4change.co\/sk\/\"},{\"@type\":\"ListItem\",\"position\":2,\"name\":\"Oblasti Aktiv\u00edt\",\"item\":\"https:\/\/www.media4change.co\/sk\/oblasti-aktivit\/\"},{\"@type\":\"ListItem\",\"position\":3,\"name\":\"S\u00fa\u0165a\u017ee investigat\u00edvnej \u017eurnalistiky\",\"item\":\"https:\/\/www.media4change.co\/sk\/activity-areas\/investigative-journalism-competition\/\"},{\"@type\":\"ListItem\",\"position\":4,\"name\":\"S\u00fa\u0165a\u017e najlep\u0161ej lok\u00e1lnej investigat\u00edvy 2021\"}]},{\"@type\":\"WebSite\",\"@id\":\"https:\/\/www.media4change.co\/sk\/#website\",\"url\":\"https:\/\/www.media4change.co\/sk\/\",\"name\":\"Media4Change\",\"description\":\"\",\"potentialAction\":[{\"@type\":\"SearchAction\",\"target\":{\"@type\":\"EntryPoint\",\"urlTemplate\":\"https:\/\/www.media4change.co\/sk\/?s={search_term_string}\"},\"query-input\":{\"@type\":\"PropertyValueSpecification\",\"valueRequired\":true,\"valueName\":\"search_term_string\"}}],\"inLanguage\":\"sk-SK\"}]}<\/script>\n<!-- \/ Yoast SEO plugin. -->","yoast_head_json":{"title":"S\u00fa\u0165a\u017e najlep\u0161ej lok\u00e1lnej investigat\u00edvy 2021 - Media4Change","robots":{"index":"index","follow":"follow","max-snippet":"max-snippet:-1","max-image-preview":"max-image-preview:large","max-video-preview":"max-video-preview:-1"},"canonical":"https:\/\/www.media4change.co\/sk\/oblasti-aktivit\/sutaze-investigativnej-zurnalistiky\/sutaz-najlepsej-lokalnej-investigativy-2021\/","og_locale":"sk_SK","og_type":"article","og_title":"S\u00fa\u0165a\u017e najlep\u0161ej lok\u00e1lnej investigat\u00edvy 2021 - Media4Change","og_url":"https:\/\/www.media4change.co\/sk\/oblasti-aktivit\/sutaze-investigativnej-zurnalistiky\/sutaz-najlepsej-lokalnej-investigativy-2021\/","og_site_name":"Media4Change","article_publisher":"https:\/\/www.facebook.com\/media4change.co\/","article_modified_time":"2021-03-30T15:39:59+00:00","og_image":[{"width":1200,"height":630,"url":"https:\/\/mlunklm8xjeu.i.optimole.com\/w:1200\/h:630\/q:mauto\/f:best\/https:\/\/www.media4change.co\/wp-content\/uploads\/2021\/02\/Banner-with-picture-1-1.png","type":"image\/png"}],"twitter_card":"summary_large_image","twitter_site":"@Media4ChangeCo","schema":{"@context":"https:\/\/schema.org","@graph":[{"@type":"WebPage","@id":"https:\/\/www.media4change.co\/sk\/oblasti-aktivit\/sutaze-investigativnej-zurnalistiky\/sutaz-najlepsej-lokalnej-investigativy-2021\/","url":"https:\/\/www.media4change.co\/sk\/oblasti-aktivit\/sutaze-investigativnej-zurnalistiky\/sutaz-najlepsej-lokalnej-investigativy-2021\/","name":"S\u00fa\u0165a\u017e najlep\u0161ej lok\u00e1lnej investigat\u00edvy 2021 - Media4Change","isPartOf":{"@id":"https:\/\/www.media4change.co\/sk\/#website"},"primaryImageOfPage":{"@id":"https:\/\/www.media4change.co\/sk\/oblasti-aktivit\/sutaze-investigativnej-zurnalistiky\/sutaz-najlepsej-lokalnej-investigativy-2021\/#primaryimage"},"image":{"@id":"https:\/\/www.media4change.co\/sk\/oblasti-aktivit\/sutaze-investigativnej-zurnalistiky\/sutaz-najlepsej-lokalnej-investigativy-2021\/#primaryimage"},"thumbnailUrl":"https:\/\/mlunklm8xjeu.i.optimole.com\/w:auto\/h:auto\/q:mauto\/f:best\/https:\/\/www.media4change.co\/wp-content\/uploads\/2021\/02\/Banner-with-picture-1-1.png","datePublished":"2021-02-21T18:05:55+00:00","dateModified":"2021-03-30T15:39:59+00:00","breadcrumb":{"@id":"https:\/\/www.media4change.co\/sk\/oblasti-aktivit\/sutaze-investigativnej-zurnalistiky\/sutaz-najlepsej-lokalnej-investigativy-2021\/#breadcrumb"},"inLanguage":"sk-SK","potentialAction":[{"@type":"ReadAction","target":["https:\/\/www.media4change.co\/sk\/oblasti-aktivit\/sutaze-investigativnej-zurnalistiky\/sutaz-najlepsej-lokalnej-investigativy-2021\/"]}]},{"@type":"ImageObject","inLanguage":"sk-SK","@id":"https:\/\/www.media4change.co\/sk\/oblasti-aktivit\/sutaze-investigativnej-zurnalistiky\/sutaz-najlepsej-lokalnej-investigativy-2021\/#primaryimage","url":"https:\/\/mlunklm8xjeu.i.optimole.com\/w:auto\/h:auto\/q:mauto\/f:best\/https:\/\/www.media4change.co\/wp-content\/uploads\/2021\/02\/Banner-with-picture-1-1.png","contentUrl":"https:\/\/mlunklm8xjeu.i.optimole.com\/w:auto\/h:auto\/q:mauto\/f:best\/https:\/\/www.media4change.co\/wp-content\/uploads\/2021\/02\/Banner-with-picture-1-1.png","width":1200,"height":630},{"@type":"BreadcrumbList","@id":"https:\/\/www.media4change.co\/sk\/oblasti-aktivit\/sutaze-investigativnej-zurnalistiky\/sutaz-najlepsej-lokalnej-investigativy-2021\/#breadcrumb","itemListElement":[{"@type":"ListItem","position":1,"name":"Home","item":"https:\/\/www.media4change.co\/sk\/"},{"@type":"ListItem","position":2,"name":"Oblasti Aktiv\u00edt","item":"https:\/\/www.media4change.co\/sk\/oblasti-aktivit\/"},{"@type":"ListItem","position":3,"name":"S\u00fa\u0165a\u017ee investigat\u00edvnej \u017eurnalistiky","item":"https:\/\/www.media4change.co\/sk\/activity-areas\/investigative-journalism-competition\/"},{"@type":"ListItem","position":4,"name":"S\u00fa\u0165a\u017e najlep\u0161ej lok\u00e1lnej investigat\u00edvy 2021"}]},{"@type":"WebSite","@id":"https:\/\/www.media4change.co\/sk\/#website","url":"https:\/\/www.media4change.co\/sk\/","name":"Media4Change","description":"","potentialAction":[{"@type":"SearchAction","target":{"@type":"EntryPoint","urlTemplate":"https:\/\/www.media4change.co\/sk\/?s={search_term_string}"},"query-input":{"@type":"PropertyValueSpecification","valueRequired":true,"valueName":"search_term_string"}}],"inLanguage":"sk-SK"}]}},"_links":{"self":[{"href":"https:\/\/www.media4change.co\/sk\/wp-json\/wp\/v2\/pages\/8286","targetHints":{"allow":["GET"]}}],"collection":[{"href":"https:\/\/www.media4change.co\/sk\/wp-json\/wp\/v2\/pages"}],"about":[{"href":"https:\/\/www.media4change.co\/sk\/wp-json\/wp\/v2\/types\/page"}],"author":[{"embeddable":true,"href":"https:\/\/www.media4change.co\/sk\/wp-json\/wp\/v2\/users\/4"}],"replies":[{"embeddable":true,"href":"https:\/\/www.media4change.co\/sk\/wp-json\/wp\/v2\/comments?post=8286"}],"version-history":[{"count":3,"href":"https:\/\/www.media4change.co\/sk\/wp-json\/wp\/v2\/pages\/8286\/revisions"}],"predecessor-version":[{"id":9092,"href":"https:\/\/www.media4change.co\/sk\/wp-json\/wp\/v2\/pages\/8286\/revisions\/9092"}],"up":[{"embeddable":true,"href":"https:\/\/www.media4change.co\/sk\/wp-json\/wp\/v2\/pages\/8279"}],"wp:featuredmedia":[{"embeddable":true,"href":"https:\/\/www.media4change.co\/sk\/wp-json\/wp\/v2\/media\/8298"}],"wp:attachment":[{"href":"https:\/\/www.media4change.co\/sk\/wp-json\/wp\/v2\/media?parent=8286"}],"curies":[{"name":"wp","href":"https:\/\/api.w.org\/{rel}","templated":true}]}}