{"id":4364,"date":"2021-01-12T14:34:45","date_gmt":"2021-01-12T12:34:45","guid":{"rendered":"https:\/\/www.media4change.co\/?page_id=4364"},"modified":"2021-01-20T14:30:39","modified_gmt":"2021-01-20T12:30:39","slug":"mokymu-ir-renginiu-paieska","status":"publish","type":"page","link":"https:\/\/www.media4change.co\/lt\/activity-areas\/training-events\/mokymu-ir-renginiu-paieska\/","title":{"rendered":"Mokym\u0173 ir rengini\u0173 paie\u0161ka"},"content":{"rendered":"","protected":false},"excerpt":{"rendered":"","protected":false},"author":1,"featured_media":0,"parent":1150,"menu_order":0,"comment_status":"closed","ping_status":"closed","template":"training-and-events-search-new.php","meta":{"_acf_changed":false,"inline_featured_image":false,"footnotes":""},"class_list":["post-4364","page","type-page","status-publish","hentry"],"acf":[],"yoast_head":"\nMokym\u0173 ir rengini\u0173 paie\u0161ka - Media4Change<\/title>\n<meta name=\"robots\" content=\"index, follow, max-snippet:-1, max-image-preview:large, max-video-preview:-1\" \/>\n<link rel=\"canonical\" href=\"https:\/\/www.media4change.co\/lt\/activity-areas\/training-events\/mokymu-ir-renginiu-paieska\/\" \/>\n<meta property=\"og:locale\" content=\"lt_LT\" \/>\n<meta property=\"og:type\" content=\"article\" \/>\n<meta property=\"og:title\" content=\"Mokym\u0173 ir rengini\u0173 paie\u0161ka - Media4Change\" \/>\n<meta property=\"og:url\" content=\"https:\/\/www.media4change.co\/lt\/activity-areas\/training-events\/mokymu-ir-renginiu-paieska\/\" \/>\n<meta property=\"og:site_name\" content=\"Media4Change\" \/>\n<meta property=\"article:publisher\" content=\"https:\/\/www.facebook.com\/media4change.co\/\" \/>\n<meta property=\"article:modified_time\" content=\"2021-01-20T12:30:39+00:00\" \/>\n<meta property=\"og:image\" content=\"https:\/\/mlunklm8xjeu.i.optimole.com\/w:auto\/h:auto\/q:mauto\/f:best\/https:\/\/www.media4change.co\/wp-content\/uploads\/2020\/11\/Daufault-paveikslėlis-M4C.png\" \/>\n\t<meta property=\"og:image:width\" content=\"1200\" \/>\n\t<meta property=\"og:image:height\" content=\"630\" \/>\n\t<meta property=\"og:image:type\" content=\"image\/png\" \/>\n<meta name=\"twitter:card\" content=\"summary_large_image\" \/>\n<meta name=\"twitter:site\" content=\"@Media4ChangeCo\" \/>\n<script type=\"application\/ld+json\" class=\"yoast-schema-graph\">{\"@context\":\"https:\/\/schema.org\",\"@graph\":[{\"@type\":\"WebPage\",\"@id\":\"https:\/\/www.media4change.co\/lt\/activity-areas\/training-events\/mokymu-ir-renginiu-paieska\/\",\"url\":\"https:\/\/www.media4change.co\/lt\/activity-areas\/training-events\/mokymu-ir-renginiu-paieska\/\",\"name\":\"Mokym\u0173 ir rengini\u0173 paie\u0161ka - Media4Change\",\"isPartOf\":{\"@id\":\"https:\/\/www.media4change.co\/lt\/#website\"},\"datePublished\":\"2021-01-12T12:34:45+00:00\",\"dateModified\":\"2021-01-20T12:30:39+00:00\",\"breadcrumb\":{\"@id\":\"https:\/\/www.media4change.co\/lt\/activity-areas\/training-events\/mokymu-ir-renginiu-paieska\/#breadcrumb\"},\"inLanguage\":\"lt-LT\",\"potentialAction\":[{\"@type\":\"ReadAction\",\"target\":[\"https:\/\/www.media4change.co\/lt\/activity-areas\/training-events\/mokymu-ir-renginiu-paieska\/\"]}]},{\"@type\":\"BreadcrumbList\",\"@id\":\"https:\/\/www.media4change.co\/lt\/activity-areas\/training-events\/mokymu-ir-renginiu-paieska\/#breadcrumb\",\"itemListElement\":[{\"@type\":\"ListItem\",\"position\":1,\"name\":\"Home\",\"item\":\"https:\/\/www.media4change.co\/lt\/\"},{\"@type\":\"ListItem\",\"position\":2,\"name\":\"Veikl\u0173 sritys\",\"item\":\"https:\/\/www.media4change.co\/lt\/activity-areas\/\"},{\"@type\":\"ListItem\",\"position\":3,\"name\":\"Mokymai ir renginiai\",\"item\":\"https:\/\/www.media4change.co\/lt\/activity-areas\/training-events\/\"},{\"@type\":\"ListItem\",\"position\":4,\"name\":\"Mokym\u0173 ir rengini\u0173 paie\u0161ka\"}]},{\"@type\":\"WebSite\",\"@id\":\"https:\/\/www.media4change.co\/lt\/#website\",\"url\":\"https:\/\/www.media4change.co\/lt\/\",\"name\":\"Media4Change\",\"description\":\"\",\"potentialAction\":[{\"@type\":\"SearchAction\",\"target\":{\"@type\":\"EntryPoint\",\"urlTemplate\":\"https:\/\/www.media4change.co\/lt\/?s={search_term_string}\"},\"query-input\":{\"@type\":\"PropertyValueSpecification\",\"valueRequired\":true,\"valueName\":\"search_term_string\"}}],\"inLanguage\":\"lt-LT\"}]}<\/script>\n<!-- \/ Yoast SEO plugin. -->","yoast_head_json":{"title":"Mokym\u0173 ir rengini\u0173 paie\u0161ka - Media4Change","robots":{"index":"index","follow":"follow","max-snippet":"max-snippet:-1","max-image-preview":"max-image-preview:large","max-video-preview":"max-video-preview:-1"},"canonical":"https:\/\/www.media4change.co\/lt\/activity-areas\/training-events\/mokymu-ir-renginiu-paieska\/","og_locale":"lt_LT","og_type":"article","og_title":"Mokym\u0173 ir rengini\u0173 paie\u0161ka - Media4Change","og_url":"https:\/\/www.media4change.co\/lt\/activity-areas\/training-events\/mokymu-ir-renginiu-paieska\/","og_site_name":"Media4Change","article_publisher":"https:\/\/www.facebook.com\/media4change.co\/","article_modified_time":"2021-01-20T12:30:39+00:00","og_image":[{"width":1200,"height":630,"url":"https:\/\/mlunklm8xjeu.i.optimole.com\/w:auto\/h:auto\/q:mauto\/f:best\/https:\/\/www.media4change.co\/wp-content\/uploads\/2020\/11\/Daufault-paveikslėlis-M4C.png","type":"image\/png"}],"twitter_card":"summary_large_image","twitter_site":"@Media4ChangeCo","schema":{"@context":"https:\/\/schema.org","@graph":[{"@type":"WebPage","@id":"https:\/\/www.media4change.co\/lt\/activity-areas\/training-events\/mokymu-ir-renginiu-paieska\/","url":"https:\/\/www.media4change.co\/lt\/activity-areas\/training-events\/mokymu-ir-renginiu-paieska\/","name":"Mokym\u0173 ir rengini\u0173 paie\u0161ka - Media4Change","isPartOf":{"@id":"https:\/\/www.media4change.co\/lt\/#website"},"datePublished":"2021-01-12T12:34:45+00:00","dateModified":"2021-01-20T12:30:39+00:00","breadcrumb":{"@id":"https:\/\/www.media4change.co\/lt\/activity-areas\/training-events\/mokymu-ir-renginiu-paieska\/#breadcrumb"},"inLanguage":"lt-LT","potentialAction":[{"@type":"ReadAction","target":["https:\/\/www.media4change.co\/lt\/activity-areas\/training-events\/mokymu-ir-renginiu-paieska\/"]}]},{"@type":"BreadcrumbList","@id":"https:\/\/www.media4change.co\/lt\/activity-areas\/training-events\/mokymu-ir-renginiu-paieska\/#breadcrumb","itemListElement":[{"@type":"ListItem","position":1,"name":"Home","item":"https:\/\/www.media4change.co\/lt\/"},{"@type":"ListItem","position":2,"name":"Veikl\u0173 sritys","item":"https:\/\/www.media4change.co\/lt\/activity-areas\/"},{"@type":"ListItem","position":3,"name":"Mokymai ir renginiai","item":"https:\/\/www.media4change.co\/lt\/activity-areas\/training-events\/"},{"@type":"ListItem","position":4,"name":"Mokym\u0173 ir rengini\u0173 paie\u0161ka"}]},{"@type":"WebSite","@id":"https:\/\/www.media4change.co\/lt\/#website","url":"https:\/\/www.media4change.co\/lt\/","name":"Media4Change","description":"","potentialAction":[{"@type":"SearchAction","target":{"@type":"EntryPoint","urlTemplate":"https:\/\/www.media4change.co\/lt\/?s={search_term_string}"},"query-input":{"@type":"PropertyValueSpecification","valueRequired":true,"valueName":"search_term_string"}}],"inLanguage":"lt-LT"}]}},"_links":{"self":[{"href":"https:\/\/www.media4change.co\/lt\/wp-json\/wp\/v2\/pages\/4364","targetHints":{"allow":["GET"]}}],"collection":[{"href":"https:\/\/www.media4change.co\/lt\/wp-json\/wp\/v2\/pages"}],"about":[{"href":"https:\/\/www.media4change.co\/lt\/wp-json\/wp\/v2\/types\/page"}],"author":[{"embeddable":true,"href":"https:\/\/www.media4change.co\/lt\/wp-json\/wp\/v2\/users\/1"}],"replies":[{"embeddable":true,"href":"https:\/\/www.media4change.co\/lt\/wp-json\/wp\/v2\/comments?post=4364"}],"version-history":[{"count":3,"href":"https:\/\/www.media4change.co\/lt\/wp-json\/wp\/v2\/pages\/4364\/revisions"}],"predecessor-version":[{"id":4367,"href":"https:\/\/www.media4change.co\/lt\/wp-json\/wp\/v2\/pages\/4364\/revisions\/4367"}],"up":[{"embeddable":true,"href":"https:\/\/www.media4change.co\/lt\/wp-json\/wp\/v2\/pages\/1150"}],"wp:attachment":[{"href":"https:\/\/www.media4change.co\/lt\/wp-json\/wp\/v2\/media?parent=4364"}],"curies":[{"name":"wp","href":"https:\/\/api.w.org\/{rel}","templated":true}]}}